{"id":755,"date":"2020-05-27T10:59:07","date_gmt":"2020-05-27T08:59:07","guid":{"rendered":"http:\/\/eli-seelsorge.de\/?page_id=755"},"modified":"2021-04-26T14:40:39","modified_gmt":"2021-04-26T12:40:39","slug":"angebote2","status":"publish","type":"page","link":"https:\/\/eli-seelsorge.de\/?page_id=755","title":{"rendered":"Videos"},"content":{"rendered":"<div id=\"pl-755\"  class=\"panel-layout\" ><div id=\"pg-755-0\"  class=\"panel-grid panel-has-style\" ><div class=\"siteorigin-panels-stretch panel-row-style panel-row-style-for-755-0\" style=\"background-image: url(https:\/\/eli-seelsorge.de\/wp-content\/uploads\/2020\/05\/Mohnblumen.jpg);padding: 45px 0; \" data-stretch-type=\"full-stretched\" data-hasbg=\"hasbg\" data-overlay-color=\"#000000\" ><div id=\"pgc-755-0-0\"  class=\"panel-grid-cell\" ><div id=\"panel-755-0-0-0\" class=\"so-panel widget widget_black-studio-tinymce widget_black_studio_tinymce panel-first-child panel-last-child\" data-index=\"0\" ><div style=\"text-align: left;\" data-title-color=\"#443f3f\" data-headings-color=\"#443f3f\" class=\"panel-widget-style panel-widget-style-for-755-0-0-0\" ><div class=\"textwidget\"><h2 style=\"text-align: center;\"><span style=\"color: #ffffff;\">Entspannung,Tr\u00e4ume, Achtsamkeit<\/span><\/h2>\n<\/div><\/div><\/div><\/div><\/div><\/div><div id=\"pg-755-1\"  class=\"panel-grid panel-has-style\" ><div style=\"padding: 40px 0; \" data-overlay=\"true\" data-overlay-color=\"#000000\" class=\"panel-row-style panel-row-style-for-755-1\" ><div id=\"pgc-755-1-0\"  class=\"panel-grid-cell\" ><div id=\"panel-755-1-0-0\" class=\"so-panel widget widget_black-studio-tinymce widget_black_studio_tinymce panel-first-child panel-last-child\" data-index=\"1\" ><div style=\"text-align: left;\" data-title-color=\"#443f3f\" data-headings-color=\"#443f3f\" class=\"panel-widget-style panel-widget-style-for-755-1-0-0\" ><div class=\"textwidget\"><p style=\"padding-left: 120px; text-align: center;\">Hier sind die Videos, die wir Dir zur Verf\u00fcgung stellen.<br \/>\nDu kannst w\u00e4hlen. Klickt auf die jeweiligen Felder.<br \/>\nViel Freude damit!<\/p>\n<\/div><\/div><\/div><\/div><\/div><\/div><div id=\"pg-755-2\"  class=\"panel-grid panel-has-style\" ><div class=\"mob-pad-30 panel-row-style panel-row-style-for-755-2\" style=\"text-align: center;padding: 85px 0; \" data-overlay=\"true\" data-overlay-color=\"#000000\" ><div id=\"pgc-755-2-0\"  class=\"panel-grid-cell\" ><div id=\"panel-755-2-0-0\" class=\"so-panel widget widget_sow-button panel-first-child panel-last-child\" data-index=\"2\" ><div style=\"text-align: left;\" data-title-color=\"#443f3f\" data-headings-color=\"#443f3f\" class=\"panel-widget-style panel-widget-style-for-755-2-0-0\" ><div class=\"so-widget-sow-button so-widget-sow-button-wire-82cafb2ac3bf\"><div class=\"ow-button-base ow-button-align-center\">\n\t<a href=\"http:\/\/eli-seelsorge.de\/?page_id=824\" class=\"ow-icon-placement-left\" target=\"_blank\" rel=\"noopener noreferrer\" \t\t>\n\t\t<span>\n\t\t\t\n\t\t\tAchtsamkeit\t\t<\/span>\n\t<\/a>\n<\/div>\n<\/div><\/div><\/div><\/div><div id=\"pgc-755-2-1\"  class=\"panel-grid-cell\" ><div id=\"panel-755-2-1-0\" class=\"so-panel widget widget_sow-button panel-first-child panel-last-child\" data-index=\"3\" ><div style=\"text-align: left;\" data-title-color=\"#443f3f\" data-headings-color=\"#443f3f\" class=\"panel-widget-style panel-widget-style-for-755-2-1-0\" ><div class=\"so-widget-sow-button so-widget-sow-button-wire-82cafb2ac3bf\"><div class=\"ow-button-base ow-button-align-center\">\n\t<a href=\"http:\/\/eli-seelsorge.de\/?page_id=978\" class=\"ow-icon-placement-left ow-button-hover\" target=\"_blank\" rel=\"noopener noreferrer\" \t\t>\n\t\t<span>\n\t\t\t\n\t\t\tPhantasiereisen\t\t<\/span>\n\t<\/a>\n<\/div>\n<\/div><\/div><\/div><\/div><div id=\"pgc-755-2-2\"  class=\"panel-grid-cell\" ><div id=\"panel-755-2-2-0\" class=\"so-panel widget widget_sow-button panel-first-child panel-last-child\" data-index=\"4\" ><div style=\"text-align: left;\" data-title-color=\"#443f3f\" data-headings-color=\"#443f3f\" class=\"panel-widget-style panel-widget-style-for-755-2-2-0\" ><div class=\"so-widget-sow-button so-widget-sow-button-wire-82cafb2ac3bf\"><div class=\"ow-button-base ow-button-align-center\">\n\t<a href=\"http:\/\/eli-seelsorge.de\/?page_id=827\" class=\"ow-icon-placement-top ow-button-hover\" target=\"_blank\" rel=\"noopener noreferrer\" \t\t>\n\t\t<span>\n\t\t\t\n\t\t\tGeschichten\t\t<\/span>\n\t<\/a>\n<\/div>\n<\/div><\/div><\/div><\/div><div id=\"pgc-755-2-3\"  class=\"panel-grid-cell\" ><div id=\"panel-755-2-3-0\" class=\"so-panel widget widget_sow-button panel-first-child panel-last-child\" data-index=\"5\" ><div style=\"text-align: left;\" data-title-color=\"#443f3f\" data-headings-color=\"#443f3f\" class=\"panel-widget-style panel-widget-style-for-755-2-3-0\" ><div class=\"so-widget-sow-button so-widget-sow-button-wire-82cafb2ac3bf\"><div class=\"ow-button-base ow-button-align-center\">\n\t<a href=\"https:\/\/eli-seelsorge.de\/?page_id=1314\" class=\"ow-icon-placement-top ow-button-hover\" target=\"_blank\" rel=\"noopener noreferrer\" \t\t>\n\t\t<span>\n\t\t\t\n\t\t\tFastenzeit\t\t<\/span>\n\t<\/a>\n<\/div>\n<\/div><\/div><\/div><\/div><\/div><\/div><\/div>","protected":false},"excerpt":{"rendered":"<p>Entspannung,Tr\u00e4ume, Achtsamkeit Hier sind die Videos, die wir Dir zur Verf\u00fcgung stellen. Du kannst w\u00e4hlen. Klickt auf die jeweiligen Felder. Viel Freude damit!<\/p>\n","protected":false},"author":1,"featured_media":0,"parent":0,"menu_order":0,"comment_status":"closed","ping_status":"closed","template":"page-templates\/page_front-page.php","meta":[],"_links":{"self":[{"href":"https:\/\/eli-seelsorge.de\/index.php?rest_route=\/wp\/v2\/pages\/755"}],"collection":[{"href":"https:\/\/eli-seelsorge.de\/index.php?rest_route=\/wp\/v2\/pages"}],"about":[{"href":"https:\/\/eli-seelsorge.de\/index.php?rest_route=\/wp\/v2\/types\/page"}],"author":[{"embeddable":true,"href":"https:\/\/eli-seelsorge.de\/index.php?rest_route=\/wp\/v2\/users\/1"}],"replies":[{"embeddable":true,"href":"https:\/\/eli-seelsorge.de\/index.php?rest_route=%2Fwp%2Fv2%2Fcomments&post=755"}],"version-history":[{"count":151,"href":"https:\/\/eli-seelsorge.de\/index.php?rest_route=\/wp\/v2\/pages\/755\/revisions"}],"predecessor-version":[{"id":1350,"href":"https:\/\/eli-seelsorge.de\/index.php?rest_route=\/wp\/v2\/pages\/755\/revisions\/1350"}],"wp:attachment":[{"href":"https:\/\/eli-seelsorge.de\/index.php?rest_route=%2Fwp%2Fv2%2Fmedia&parent=755"}],"curies":[{"name":"wp","href":"https:\/\/api.w.org\/{rel}","templated":true}]}}