{"id":628,"date":"2020-05-21T15:37:20","date_gmt":"2020-05-21T13:37:20","guid":{"rendered":"http:\/\/eli-seelsorge.de\/?page_id=628"},"modified":"2020-05-21T15:37:20","modified_gmt":"2020-05-21T13:37:20","slug":"stube","status":"publish","type":"page","link":"https:\/\/eli-seelsorge.de\/?page_id=628","title":{"rendered":"Stube"},"content":{"rendered":"<h2>Einweihung der Stube<\/h2>\n<p>am 7. Oktober 2016 haben wir mit einem kleinen Gottesdienst und einer Segnungsfeier die Stube eingeweiht. Um diesen Tag mit uns zu begehen waren die Provinzoberin der Dernbacher Schwester Sr. Simone und Sr. Barbara, aus dem Generalat angereist. Auch Herr Donat, Gesch\u00e4ftsf\u00fcher der Dernbacher Gruppe war da, sowie Herr Machnik, p\u00e4dagogischer Leiter der kath. Schulen im Bistum Limburg. Elternvertreter, Frau Radeck und die Frau Schaller, von der Schulsozialarbeit und Dr. Tambour von der Schulsseelsorge hielten eine kurze Ansprache. Schlie\u00dflich weihten unsere Pfarrer, Pfarrer vom Dahl und Pfarrer Gros, die R\u00e4ume ein.<\/p>\n","protected":false},"excerpt":{"rendered":"<p>Einweihung der Stube am 7. Oktober 2016 haben wir mit einem kleinen Gottesdienst und einer Segnungsfeier die Stube eingeweiht. Um diesen Tag mit uns zu begehen waren die Provinzoberin der Dernbacher Schwester Sr. Simone und Sr. Barbara, aus dem Generalat angereist. Auch Herr Donat, Gesch\u00e4ftsf\u00fcher der Dernbacher Gruppe war da, sowie Herr Machnik, p\u00e4dagogischer Leiter [&hellip;]<\/p>\n","protected":false},"author":1,"featured_media":0,"parent":0,"menu_order":0,"comment_status":"closed","ping_status":"closed","template":"","meta":[],"_links":{"self":[{"href":"https:\/\/eli-seelsorge.de\/index.php?rest_route=\/wp\/v2\/pages\/628"}],"collection":[{"href":"https:\/\/eli-seelsorge.de\/index.php?rest_route=\/wp\/v2\/pages"}],"about":[{"href":"https:\/\/eli-seelsorge.de\/index.php?rest_route=\/wp\/v2\/types\/page"}],"author":[{"embeddable":true,"href":"https:\/\/eli-seelsorge.de\/index.php?rest_route=\/wp\/v2\/users\/1"}],"replies":[{"embeddable":true,"href":"https:\/\/eli-seelsorge.de\/index.php?rest_route=%2Fwp%2Fv2%2Fcomments&post=628"}],"version-history":[{"count":1,"href":"https:\/\/eli-seelsorge.de\/index.php?rest_route=\/wp\/v2\/pages\/628\/revisions"}],"predecessor-version":[{"id":629,"href":"https:\/\/eli-seelsorge.de\/index.php?rest_route=\/wp\/v2\/pages\/628\/revisions\/629"}],"wp:attachment":[{"href":"https:\/\/eli-seelsorge.de\/index.php?rest_route=%2Fwp%2Fv2%2Fmedia&parent=628"}],"curies":[{"name":"wp","href":"https:\/\/api.w.org\/{rel}","templated":true}]}}